{"id":808,"date":"2022-07-04T12:20:56","date_gmt":"2022-07-04T12:20:56","guid":{"rendered":"https:\/\/www.valvulaszubi.com\/login\/"},"modified":"2024-10-09T11:43:56","modified_gmt":"2024-10-09T11:43:56","slug":"area-privada","status":"publish","type":"page","link":"https:\/\/www.valvulaszubi.com\/es\/area-privada\/","title":{"rendered":"\u00c1rea privada"},"content":{"rendered":"<div class=\"fusion-fullwidth fullwidth-box fusion-builder-row-1 fusion-flex-container nonhundred-percent-fullwidth non-hundred-percent-height-scrolling\" style=\"--awb-border-radius-top-left:0px;--awb-border-radius-top-right:0px;--awb-border-radius-bottom-right:0px;--awb-border-radius-bottom-left:0px;--awb-margin-top:40px;--awb-margin-bottom:40px;--awb-flex-wrap:wrap;\" ><div class=\"fusion-builder-row fusion-row fusion-flex-align-items-center fusion-flex-align-content-center fusion-flex-content-wrap\" style=\"max-width:1289.6px;margin-left: calc(-4% \/ 2 );margin-right: calc(-4% \/ 2 );\"><div class=\"fusion-layout-column fusion_builder_column fusion-builder-column-0 fusion_builder_column_1_2 1_2 fusion-flex-column\" style=\"--awb-bg-size:cover;--awb-width-large:50%;--awb-margin-top-large:0px;--awb-spacing-right-large:3.84%;--awb-margin-bottom-large:20px;--awb-spacing-left-large:3.84%;--awb-width-medium:50%;--awb-order-medium:0;--awb-spacing-right-medium:3.84%;--awb-spacing-left-medium:3.84%;--awb-width-small:100%;--awb-order-small:0;--awb-spacing-right-small:1.92%;--awb-spacing-left-small:1.92%;\"><div class=\"fusion-column-wrapper fusion-column-has-shadow fusion-flex-justify-content-flex-start fusion-content-layout-column\"><div class=\"fusion-image-element \" style=\"text-align:center;--awb-caption-title-font-family:var(--h2_typography-font-family);--awb-caption-title-font-weight:var(--h2_typography-font-weight);--awb-caption-title-font-style:var(--h2_typography-font-style);--awb-caption-title-size:var(--h2_typography-font-size);--awb-caption-title-transform:var(--h2_typography-text-transform);--awb-caption-title-line-height:var(--h2_typography-line-height);--awb-caption-title-letter-spacing:var(--h2_typography-letter-spacing);\"><span class=\" fusion-imageframe imageframe-none imageframe-1 hover-type-none\"><a class=\"fusion-no-lightbox\" href=\"https:\/\/valvulaszubi.wpengine.com\/es\/\" target=\"_self\" aria-label=\"Logo-Zubi-valves\"><img decoding=\"async\" width=\"163\" height=\"64\" src=\"https:\/\/valvulaszubi.wpengine.com\/wp-content\/uploads\/2022\/07\/Logo-Zubi-valves.svg\" alt class=\"img-responsive wp-image-754\"\/><\/a><\/span><\/div><div class=\"fusion-login-box fusion-login-box-1 fusion-login-box-login fusion-login-align-center fusion-login-field-layout-stacked\" style=\"--awb-form-background-color:var(--awb-color2);\"><h3 class=\"fusion-login-heading\">Iniciar sesi\u00f3n<\/h3><div class=\"fusion-login-caption\">Por favor, acceda a su \u00e1rea privada si tiene usuario y contrase\u00f1a<\/div><form class=\"fusion-login-form\" name=\"loginform\" id=\"loginform\" method=\"post\" action=\"https:\/\/www.valvulaszubi.com\/wp-login.php?wpe-login=true\"><div class=\"fusion-login-fields\"><div class=\"fusion-login-input-wrapper\"><label class=\"fusion-hidden-content\" for=\"user_login-1\">Usuario o email<\/label><input type=\"text\" name=\"log\" placeholder=\"Usuario o email\" value=\"\" size=\"20\" class=\"fusion-login-username input-text\" id=\"user_login-1\" \/><\/div><div class=\"fusion-login-input-wrapper\"><label class=\"fusion-hidden-content\" for=\"user_pass-1\">Contrase\u00f1a<\/label><input type=\"password\" name=\"pwd\" placeholder=\"Contrase\u00f1a\" value=\"\" size=\"20\" class=\"fusion-login-password input-text\" id=\"user_pass-1\" \/><\/div><\/div><div class=\"fusion-login-additional-content\"><div class=\"fusion-login-submit-wrapper\"><button class=\"fusion-login-button fusion-button button-default fusion-button-default-size fusion-login-button-no-fullwidth\" type=\"submit\" name=\"wp-submit\">Iniciar sesi\u00f3n<\/button><input type=\"hidden\" name=\"user-cookie\" value=\"1\" \/><input type=\"hidden\" name=\"redirect_to\" value=\"\/es\/descargas\" \/><input type=\"hidden\" name=\"fusion_login_box\" value=\"true\" \/><input type=\"hidden\" name=\"_wp_http_referer\" value=\"\/es\/wp-json\/wp\/v2\/pages\/808\" \/><span class=\"fusion-login-nonce\" style=\"display:none;\"><\/span><\/div><div class=\"fusion-login-links\"><label class=\"fusion-login-remember-me\"><input name=\"rememberme\" type=\"checkbox\" id=\"rememberme\" value=\"forever\" \/>Recu\u00e9rdame<\/label><a class=\"fusion-login-lost-passowrd\" target=\"_self\" href=\"https:\/\/www.valvulaszubi.com\/wp-login.php?action=lostpassword&amp;lang=es\">\u00bfContrase\u00f1a perdida?<\/a><\/div><\/div><\/form><\/div><\/div><\/div><div class=\"fusion-layout-column fusion_builder_column fusion-builder-column-1 fusion_builder_column_1_2 1_2 fusion-flex-column\" style=\"--awb-bg-size:cover;--awb-width-large:50%;--awb-margin-top-large:0px;--awb-spacing-right-large:3.84%;--awb-margin-bottom-large:20px;--awb-spacing-left-large:3.84%;--awb-width-medium:50%;--awb-order-medium:0;--awb-spacing-right-medium:3.84%;--awb-spacing-left-medium:3.84%;--awb-width-small:100%;--awb-order-small:0;--awb-spacing-right-small:1.92%;--awb-spacing-left-small:1.92%;\"><div class=\"fusion-column-wrapper fusion-column-has-shadow fusion-flex-justify-content-flex-start fusion-content-layout-column\"><div class=\"fusion-title title fusion-title-1 fusion-sep-none fusion-title-center fusion-title-text fusion-title-size-three\"><h3 class=\"fusion-title-heading title-heading-center fusion-responsive-typography-calculated\" style=\"margin:0;--fontSize:30;line-height:var(--awb-typography1-line-height);\">Solicitar acceso<\/h3><\/div><div class=\"fusion-text fusion-text-1\" style=\"--awb-content-alignment:center;\"><p>\u00bfLe gustar\u00eda acceder a planos y modelos s\u00f3lidos 3D? Rellene el formulario de registro para tener acceso.<\/p>\n<\/div><div style=\"text-align:center;\"><a class=\"fusion-button button-flat fusion-button-default-size button-default fusion-button-default button-1 fusion-button-default-span fusion-button-default-type\" target=\"_self\" href=\"https:\/\/valvulaszubi.wpengine.com\/es\/registro\"><span class=\"fusion-button-text\">Solicitar acceso<\/span><\/a><\/div><\/div><\/div><\/div><\/div>\n","protected":false},"excerpt":{"rendered":"","protected":false},"author":1,"featured_media":0,"parent":0,"menu_order":0,"comment_status":"closed","ping_status":"closed","template":"blank.php","meta":{"inline_featured_image":false,"footnotes":""},"class_list":["post-808","page","type-page","status-publish","hentry"],"yoast_head":"<!-- This site is optimized with the Yoast SEO plugin v23.6 - https:\/\/yoast.com\/wordpress\/plugins\/seo\/ -->\n<title>\u00c1rea privada &#8226; V\u00e1lvulas Zubi<\/title>\n<meta name=\"robots\" content=\"noindex, follow\" \/>\n<meta property=\"og:locale\" content=\"es_ES\" \/>\n<meta property=\"og:type\" content=\"article\" \/>\n<meta property=\"og:title\" content=\"\u00c1rea privada &#8226; V\u00e1lvulas Zubi\" \/>\n<meta property=\"og:url\" content=\"https:\/\/www.valvulaszubi.com\/es\/area-privada\/\" \/>\n<meta property=\"og:site_name\" content=\"V\u00e1lvulas Zubi\" \/>\n<meta property=\"article:modified_time\" content=\"2024-10-09T11:43:56+00:00\" \/>\n<meta name=\"twitter:card\" content=\"summary_large_image\" \/>\n<meta name=\"twitter:label1\" content=\"Tiempo de lectura\" \/>\n\t<meta name=\"twitter:data1\" content=\"1 minuto\" \/>\n<!-- \/ Yoast SEO plugin. -->","yoast_head_json":{"title":"\u00c1rea privada &#8226; V\u00e1lvulas Zubi","robots":{"index":"noindex","follow":"follow"},"og_locale":"es_ES","og_type":"article","og_title":"\u00c1rea privada &#8226; V\u00e1lvulas Zubi","og_url":"https:\/\/www.valvulaszubi.com\/es\/area-privada\/","og_site_name":"V\u00e1lvulas Zubi","article_modified_time":"2024-10-09T11:43:56+00:00","twitter_card":"summary_large_image","twitter_misc":{"Tiempo de lectura":"1 minuto"},"schema":{"@context":"https:\/\/schema.org","@graph":[{"@type":"WebPage","@id":"https:\/\/www.valvulaszubi.com\/es\/area-privada\/","url":"https:\/\/www.valvulaszubi.com\/es\/area-privada\/","name":"\u00c1rea privada &#8226; V\u00e1lvulas Zubi","isPartOf":{"@id":"https:\/\/www.valvulaszubi.com\/#website"},"datePublished":"2022-07-04T12:20:56+00:00","dateModified":"2024-10-09T11:43:56+00:00","breadcrumb":{"@id":"https:\/\/www.valvulaszubi.com\/es\/area-privada\/#breadcrumb"},"inLanguage":"es","potentialAction":[{"@type":"ReadAction","target":["https:\/\/www.valvulaszubi.com\/es\/area-privada\/"]}]},{"@type":"BreadcrumbList","@id":"https:\/\/www.valvulaszubi.com\/es\/area-privada\/#breadcrumb","itemListElement":[{"@type":"ListItem","position":1,"name":"Home","item":"https:\/\/www.valvulaszubi.com\/es\/"},{"@type":"ListItem","position":2,"name":"\u00c1rea privada"}]},{"@type":"WebSite","@id":"https:\/\/www.valvulaszubi.com\/#website","url":"https:\/\/www.valvulaszubi.com\/","name":"V\u00e1lvulas Zubi","description":"","publisher":{"@id":"https:\/\/www.valvulaszubi.com\/#organization"},"potentialAction":[{"@type":"SearchAction","target":{"@type":"EntryPoint","urlTemplate":"https:\/\/www.valvulaszubi.com\/?s={search_term_string}"},"query-input":{"@type":"PropertyValueSpecification","valueRequired":true,"valueName":"search_term_string"}}],"inLanguage":"es"},{"@type":"Organization","@id":"https:\/\/www.valvulaszubi.com\/#organization","name":"V\u00e1lvulas Zubi","url":"https:\/\/www.valvulaszubi.com\/","logo":{"@type":"ImageObject","inLanguage":"es","@id":"https:\/\/www.valvulaszubi.com\/#\/schema\/logo\/image\/","url":"https:\/\/www.valvulaszubi.com\/wp-content\/uploads\/2022\/07\/Logo-Zubi-valves-bg-blue.svg","contentUrl":"https:\/\/www.valvulaszubi.com\/wp-content\/uploads\/2022\/07\/Logo-Zubi-valves-bg-blue.svg","width":205,"height":120,"caption":"V\u00e1lvulas Zubi"},"image":{"@id":"https:\/\/www.valvulaszubi.com\/#\/schema\/logo\/image\/"}}]}},"_links":{"self":[{"href":"https:\/\/www.valvulaszubi.com\/es\/wp-json\/wp\/v2\/pages\/808","targetHints":{"allow":["GET"]}}],"collection":[{"href":"https:\/\/www.valvulaszubi.com\/es\/wp-json\/wp\/v2\/pages"}],"about":[{"href":"https:\/\/www.valvulaszubi.com\/es\/wp-json\/wp\/v2\/types\/page"}],"author":[{"embeddable":true,"href":"https:\/\/www.valvulaszubi.com\/es\/wp-json\/wp\/v2\/users\/1"}],"replies":[{"embeddable":true,"href":"https:\/\/www.valvulaszubi.com\/es\/wp-json\/wp\/v2\/comments?post=808"}],"version-history":[{"count":0,"href":"https:\/\/www.valvulaszubi.com\/es\/wp-json\/wp\/v2\/pages\/808\/revisions"}],"wp:attachment":[{"href":"https:\/\/www.valvulaszubi.com\/es\/wp-json\/wp\/v2\/media?parent=808"}],"curies":[{"name":"wp","href":"https:\/\/api.w.org\/{rel}","templated":true}]}}