{"id":868,"date":"2022-06-21T12:12:16","date_gmt":"2022-06-21T12:12:16","guid":{"rendered":"https:\/\/www.valvulaszubi.com\/diaphragm-valves\/"},"modified":"2023-06-08T11:32:39","modified_gmt":"2023-06-08T11:32:39","slug":"valvulas-de-membrana","status":"publish","type":"page","link":"https:\/\/www.valvulaszubi.com\/es\/valvulas-de-membrana\/","title":{"rendered":"V\u00e1lvulas de membrana"},"content":{"rendered":"<div class=\"fusion-fullwidth fullwidth-box fusion-builder-row-1 fusion-flex-container nonhundred-percent-fullwidth non-hundred-percent-height-scrolling\" style=\"--awb-border-radius-top-left:0px;--awb-border-radius-top-right:0px;--awb-border-radius-bottom-right:0px;--awb-border-radius-bottom-left:0px;--awb-flex-wrap:wrap;\" ><div class=\"fusion-builder-row fusion-row fusion-flex-align-items-flex-start fusion-flex-content-wrap\" style=\"max-width:1289.6px;margin-left: calc(-4% \/ 2 );margin-right: calc(-4% \/ 2 );\"><div class=\"fusion-layout-column fusion_builder_column fusion-builder-column-0 fusion_builder_column_1_1 1_1 fusion-flex-column\" style=\"--awb-bg-size:cover;--awb-width-large:100%;--awb-margin-top-large:0px;--awb-spacing-right-large:1.92%;--awb-margin-bottom-large:20px;--awb-spacing-left-large:1.92%;--awb-width-medium:100%;--awb-order-medium:0;--awb-spacing-right-medium:1.92%;--awb-spacing-left-medium:1.92%;--awb-width-small:100%;--awb-order-small:0;--awb-spacing-right-small:1.92%;--awb-spacing-left-small:1.92%;\"><div class=\"fusion-column-wrapper fusion-column-has-shadow fusion-flex-justify-content-flex-start fusion-content-layout-column\"><div class=\"fusion-post-cards fusion-post-cards-1 fusion-grid-archive fusion-grid-columns-4\" style=\"--awb-column-spacing:20px;--awb-row-spacing:20px;\"><ul class=\"fusion-grid fusion-grid-4 fusion-flex-align-items-stretch fusion-grid-posts-cards\"><li class=\"fusion-layout-column fusion_builder_column fusion-builder-column-1 fusion-flex-column products-card fusion-column-inner-bg-wrapper fusion-column-liftup-border post-card fusion-grid-column fusion-post-cards-grid-column\" style=\"--awb-padding-top:15px;--awb-padding-right:0px;--awb-padding-bottom:15px;--awb-padding-left:0px;--awb-overflow:hidden;--awb-inner-bg-blend:overlay;--awb-inner-bg-size:cover;--awb-inner-bg-box-shadow:0px 4px 8px 0px rgba(0,0,0,0.15);;--awb-border-radius:5px 5px 5px 5px;--awb-liftup-border-radius:5px 5px 5px 5px;\"><span class=\"fusion-column-inner-bg hover-type-liftup\"><a class=\"fusion-column-anchor\" href=\"https:\/\/www.valvulaszubi.com\/es\/valvulas\/t100-paso-ondulado\/\"><span class=\"fusion-column-inner-bg-image\"><\/span><\/a><\/span><div class=\"fusion-column-wrapper fusion-flex-justify-content-flex-start fusion-content-layout-column\"><div class=\"fusion-image-element \" style=\"text-align:center;--awb-margin-bottom:25px;--awb-max-width:150px;--awb-caption-title-font-family:var(--h2_typography-font-family);--awb-caption-title-font-weight:var(--h2_typography-font-weight);--awb-caption-title-font-style:var(--h2_typography-font-style);--awb-caption-title-size:var(--h2_typography-font-size);--awb-caption-title-transform:var(--h2_typography-text-transform);--awb-caption-title-line-height:var(--h2_typography-line-height);--awb-caption-title-letter-spacing:var(--h2_typography-letter-spacing);\"><span class=\" fusion-imageframe imageframe-none imageframe-1 hover-type-none products-card-imagen\"><img decoding=\"async\" width=\"273\" height=\"600\" alt=\"V\u00e1lvula de paso ondulado\" title=\"100AD-V-DN100\" src=\"https:\/\/www.valvulaszubi.com\/wp-content\/uploads\/2022\/06\/100AD-V-DN100-1.png\" class=\"img-responsive wp-image-682\" srcset=\"https:\/\/www.valvulaszubi.com\/wp-content\/uploads\/2022\/06\/100AD-V-DN100-1-200x440.png 200w, https:\/\/www.valvulaszubi.com\/wp-content\/uploads\/2022\/06\/100AD-V-DN100-1.png 273w\" sizes=\"(max-width: 640px) 100vw, 273px\" \/><\/span><\/div><div class=\"fusion-separator fusion-full-width-sep\" style=\"align-self: center;margin-left: auto;margin-right: auto;margin-bottom:10px;width:100%;\"><div class=\"fusion-separator-border sep-single\" style=\"--awb-height:20px;--awb-amount:20px;--awb-sep-color:var(--awb-color5);border-color:var(--awb-color5);border-top-width:8px;\"><\/div><\/div><div class=\"fusion-title title fusion-title-1 fusion-sep-none fusion-title-center fusion-title-text fusion-title-size-five\" style=\"--awb-text-color:var(--awb-color5);--awb-margin-right:15px;--awb-margin-left:15px;--awb-font-size:20px;\"><h5 class=\"fusion-title-heading title-heading-center fusion-responsive-typography-calculated\" style=\"margin:0;font-size:1em;--fontSize:20;--minFontSize:20;line-height:var(--awb-typography1-line-height);\">T100 \u2013 PASO ONDULADO<\/h5><\/div><div class=\"fusion-text fusion-text-1 fusion-text-no-margin\" style=\"--awb-content-alignment:center;--awb-margin-right:15px;--awb-margin-left:15px;\"><p>La v\u00e1lvula de membrana T100 de paso ondulado bidireccional se fabrica en cuerpo monobloc fundido con bonete atornillado. El cuerpo puede ser recubierto para protegerlo de ataques qu\u00edmicos y desgastes. Apta para aplicaciones corrosivas y abrasivas con concentraciones de s\u00f3lidos de hasta el 15%.<\/p>\n<\/div><\/div><\/li>\n<li class=\"fusion-layout-column fusion_builder_column fusion-builder-column-2 fusion-flex-column products-card fusion-column-inner-bg-wrapper fusion-column-liftup-border post-card fusion-grid-column fusion-post-cards-grid-column\" style=\"--awb-padding-top:15px;--awb-padding-right:0px;--awb-padding-bottom:15px;--awb-padding-left:0px;--awb-overflow:hidden;--awb-inner-bg-blend:overlay;--awb-inner-bg-size:cover;--awb-inner-bg-box-shadow:0px 4px 8px 0px rgba(0,0,0,0.15);;--awb-border-radius:5px 5px 5px 5px;--awb-liftup-border-radius:5px 5px 5px 5px;\"><span class=\"fusion-column-inner-bg hover-type-liftup\"><a class=\"fusion-column-anchor\" href=\"https:\/\/www.valvulaszubi.com\/es\/valvulas\/t85-paso-recto\/\"><span class=\"fusion-column-inner-bg-image\"><\/span><\/a><\/span><div class=\"fusion-column-wrapper fusion-flex-justify-content-flex-start fusion-content-layout-column\"><div class=\"fusion-image-element \" style=\"text-align:center;--awb-margin-bottom:25px;--awb-max-width:150px;--awb-caption-title-font-family:var(--h2_typography-font-family);--awb-caption-title-font-weight:var(--h2_typography-font-weight);--awb-caption-title-font-style:var(--h2_typography-font-style);--awb-caption-title-size:var(--h2_typography-font-size);--awb-caption-title-transform:var(--h2_typography-text-transform);--awb-caption-title-line-height:var(--h2_typography-line-height);--awb-caption-title-letter-spacing:var(--h2_typography-letter-spacing);\"><span class=\" fusion-imageframe imageframe-none imageframe-2 hover-type-none products-card-imagen\"><img decoding=\"async\" width=\"273\" height=\"600\" alt=\"V\u00e1lvula de Paso Recto\" title=\"85-AD-V-DN200-GG25\" src=\"https:\/\/www.valvulaszubi.com\/wp-content\/uploads\/2022\/06\/85-AD-V-DN200-GG25.png\" class=\"img-responsive wp-image-681\" srcset=\"https:\/\/www.valvulaszubi.com\/wp-content\/uploads\/2022\/06\/85-AD-V-DN200-GG25-200x440.png 200w, https:\/\/www.valvulaszubi.com\/wp-content\/uploads\/2022\/06\/85-AD-V-DN200-GG25.png 273w\" sizes=\"(max-width: 640px) 100vw, 273px\" \/><\/span><\/div><div class=\"fusion-separator fusion-full-width-sep\" style=\"align-self: center;margin-left: auto;margin-right: auto;margin-bottom:10px;width:100%;\"><div class=\"fusion-separator-border sep-single\" style=\"--awb-height:20px;--awb-amount:20px;--awb-sep-color:var(--awb-color5);border-color:var(--awb-color5);border-top-width:8px;\"><\/div><\/div><div class=\"fusion-title title fusion-title-2 fusion-sep-none fusion-title-center fusion-title-text fusion-title-size-five\" style=\"--awb-text-color:var(--awb-color5);--awb-margin-right:15px;--awb-margin-left:15px;--awb-font-size:20px;\"><h5 class=\"fusion-title-heading title-heading-center fusion-responsive-typography-calculated\" style=\"margin:0;font-size:1em;--fontSize:20;--minFontSize:20;line-height:var(--awb-typography1-line-height);\">T85 \u2013 PASO RECTO<\/h5><\/div><div class=\"fusion-text fusion-text-2 fusion-text-no-margin\" style=\"--awb-content-alignment:center;--awb-margin-right:15px;--awb-margin-left:15px;\"><p>La v\u00e1lvula de membrana T85 de paso recto bidirecional se fabrica en cuerpo monobloc fundido con bonete atornilado. El cuerpo puede ser recubierto para protegerlo de ataques qu\u00edmicos y desgastes. Apta para aplicaciones con fluidos altamente abrasivos.<\/p>\n<\/div><\/div><\/li>\n<li class=\"fusion-layout-column fusion_builder_column fusion-builder-column-3 fusion-flex-column products-card fusion-column-inner-bg-wrapper fusion-column-liftup-border post-card fusion-grid-column fusion-post-cards-grid-column\" style=\"--awb-padding-top:15px;--awb-padding-right:0px;--awb-padding-bottom:15px;--awb-padding-left:0px;--awb-overflow:hidden;--awb-inner-bg-blend:overlay;--awb-inner-bg-size:cover;--awb-inner-bg-box-shadow:0px 4px 8px 0px rgba(0,0,0,0.15);;--awb-border-radius:5px 5px 5px 5px;--awb-liftup-border-radius:5px 5px 5px 5px;\"><span class=\"fusion-column-inner-bg hover-type-liftup\"><a class=\"fusion-column-anchor\" href=\"https:\/\/www.valvulaszubi.com\/es\/valvulas\/t99-paso-ondulado-conexion-roscada\/\"><span class=\"fusion-column-inner-bg-image\"><\/span><\/a><\/span><div class=\"fusion-column-wrapper fusion-flex-justify-content-flex-start fusion-content-layout-column\"><div class=\"fusion-image-element \" style=\"text-align:center;--awb-margin-bottom:25px;--awb-max-width:150px;--awb-caption-title-font-family:var(--h2_typography-font-family);--awb-caption-title-font-weight:var(--h2_typography-font-weight);--awb-caption-title-font-style:var(--h2_typography-font-style);--awb-caption-title-size:var(--h2_typography-font-size);--awb-caption-title-transform:var(--h2_typography-text-transform);--awb-caption-title-line-height:var(--h2_typography-line-height);--awb-caption-title-letter-spacing:var(--h2_typography-letter-spacing);\"><span class=\" fusion-imageframe imageframe-none imageframe-3 hover-type-none products-card-imagen\"><img decoding=\"async\" width=\"272\" height=\"600\" alt=\"V\u00e1lvula de Paso Ondulado\" title=\"TIPO-99M_Ret\" src=\"https:\/\/www.valvulaszubi.com\/wp-content\/uploads\/2022\/06\/TIPO-99M_Ret.png\" class=\"img-responsive wp-image-690\" srcset=\"https:\/\/www.valvulaszubi.com\/wp-content\/uploads\/2022\/06\/TIPO-99M_Ret-200x441.png 200w, https:\/\/www.valvulaszubi.com\/wp-content\/uploads\/2022\/06\/TIPO-99M_Ret.png 272w\" sizes=\"(max-width: 640px) 100vw, 272px\" \/><\/span><\/div><div class=\"fusion-separator fusion-full-width-sep\" style=\"align-self: center;margin-left: auto;margin-right: auto;margin-bottom:10px;width:100%;\"><div class=\"fusion-separator-border sep-single\" style=\"--awb-height:20px;--awb-amount:20px;--awb-sep-color:var(--awb-color5);border-color:var(--awb-color5);border-top-width:8px;\"><\/div><\/div><div class=\"fusion-title title fusion-title-3 fusion-sep-none fusion-title-center fusion-title-text fusion-title-size-five\" style=\"--awb-text-color:var(--awb-color5);--awb-margin-right:15px;--awb-margin-left:15px;--awb-font-size:20px;\"><h5 class=\"fusion-title-heading title-heading-center fusion-responsive-typography-calculated\" style=\"margin:0;font-size:1em;--fontSize:20;--minFontSize:20;line-height:var(--awb-typography1-line-height);\">T99 \u2013 PASO ONDULADO CONEXI\u00d3N ROSCADA<\/h5><\/div><div class=\"fusion-text fusion-text-3 fusion-text-no-margin\" style=\"--awb-content-alignment:center;--awb-margin-right:15px;--awb-margin-left:15px;\"><p>El modelo T99 de paso ondulado bidireccional y conexi\u00f3n roscada, se fabrica en cuerpo monobloc fundido con bonete atornillado. Opci\u00f3n de cuerpo engomado no disponible.<\/p>\n<\/div><\/div><\/li>\n<li class=\"fusion-layout-column fusion_builder_column fusion-builder-column-4 fusion-flex-column products-card fusion-column-inner-bg-wrapper fusion-column-liftup-border post-card fusion-grid-column fusion-post-cards-grid-column\" style=\"--awb-padding-top:15px;--awb-padding-right:0px;--awb-padding-bottom:15px;--awb-padding-left:0px;--awb-overflow:hidden;--awb-inner-bg-blend:overlay;--awb-inner-bg-size:cover;--awb-inner-bg-box-shadow:0px 4px 8px 0px rgba(0,0,0,0.15);;--awb-border-radius:5px 5px 5px 5px;--awb-liftup-border-radius:5px 5px 5px 5px;\"><span class=\"fusion-column-inner-bg hover-type-liftup\"><a class=\"fusion-column-anchor\" href=\"https:\/\/www.valvulaszubi.com\/es\/valvulas\/t85-99-paso-recto-conexion-roscada\/\"><span class=\"fusion-column-inner-bg-image\"><\/span><\/a><\/span><div class=\"fusion-column-wrapper fusion-flex-justify-content-flex-start fusion-content-layout-column\"><div class=\"fusion-image-element \" style=\"text-align:center;--awb-margin-bottom:25px;--awb-max-width:150px;--awb-caption-title-font-family:var(--h2_typography-font-family);--awb-caption-title-font-weight:var(--h2_typography-font-weight);--awb-caption-title-font-style:var(--h2_typography-font-style);--awb-caption-title-size:var(--h2_typography-font-size);--awb-caption-title-transform:var(--h2_typography-text-transform);--awb-caption-title-line-height:var(--h2_typography-line-height);--awb-caption-title-letter-spacing:var(--h2_typography-letter-spacing);\"><span class=\" fusion-imageframe imageframe-none imageframe-4 hover-type-none products-card-imagen\"><img decoding=\"async\" width=\"273\" height=\"600\" alt=\"V\u00e1lvula de Paso Recto\" title=\"T85-99M-3_Ret\" src=\"https:\/\/www.valvulaszubi.com\/wp-content\/uploads\/2022\/06\/T85-99M-3_Ret.png\" class=\"img-responsive wp-image-689\" srcset=\"https:\/\/www.valvulaszubi.com\/wp-content\/uploads\/2022\/06\/T85-99M-3_Ret-200x440.png 200w, https:\/\/www.valvulaszubi.com\/wp-content\/uploads\/2022\/06\/T85-99M-3_Ret.png 273w\" sizes=\"(max-width: 640px) 100vw, 273px\" \/><\/span><\/div><div class=\"fusion-separator fusion-full-width-sep\" style=\"align-self: center;margin-left: auto;margin-right: auto;margin-bottom:10px;width:100%;\"><div class=\"fusion-separator-border sep-single\" style=\"--awb-height:20px;--awb-amount:20px;--awb-sep-color:var(--awb-color5);border-color:var(--awb-color5);border-top-width:8px;\"><\/div><\/div><div class=\"fusion-title title fusion-title-4 fusion-sep-none fusion-title-center fusion-title-text fusion-title-size-five\" style=\"--awb-text-color:var(--awb-color5);--awb-margin-right:15px;--awb-margin-left:15px;--awb-font-size:20px;\"><h5 class=\"fusion-title-heading title-heading-center fusion-responsive-typography-calculated\" style=\"margin:0;font-size:1em;--fontSize:20;--minFontSize:20;line-height:var(--awb-typography1-line-height);\">T85\/99 \u2013 PASO RECTO CONEXI\u00d3N ROSCADA<\/h5><\/div><div class=\"fusion-text fusion-text-4 fusion-text-no-margin\" style=\"--awb-content-alignment:center;--awb-margin-right:15px;--awb-margin-left:15px;\"><p>El modelo T85\/99 de paso recto bidireccional y conexi\u00f3n roscada, se fabrica en cuerpo monobloc fundido con bonete atornillado. Opci\u00f3n de cuerpo engomado no disponible.<\/p>\n<\/div><\/div><\/li>\n<li class=\"fusion-layout-column fusion_builder_column fusion-builder-column-5 fusion-flex-column products-card fusion-column-inner-bg-wrapper fusion-column-liftup-border post-card fusion-grid-column fusion-post-cards-grid-column\" style=\"--awb-padding-top:15px;--awb-padding-right:0px;--awb-padding-bottom:15px;--awb-padding-left:0px;--awb-overflow:hidden;--awb-inner-bg-blend:overlay;--awb-inner-bg-size:cover;--awb-inner-bg-box-shadow:0px 4px 8px 0px rgba(0,0,0,0.15);;--awb-border-radius:5px 5px 5px 5px;--awb-liftup-border-radius:5px 5px 5px 5px;\"><span class=\"fusion-column-inner-bg hover-type-liftup\"><a class=\"fusion-column-anchor\" href=\"https:\/\/www.valvulaszubi.com\/es\/valvulas\/sw-bw-paso-ondulado-o-recto\/\"><span class=\"fusion-column-inner-bg-image\"><\/span><\/a><\/span><div class=\"fusion-column-wrapper fusion-flex-justify-content-flex-start fusion-content-layout-column\"><div class=\"fusion-image-element \" style=\"text-align:center;--awb-margin-bottom:25px;--awb-max-width:150px;--awb-caption-title-font-family:var(--h2_typography-font-family);--awb-caption-title-font-weight:var(--h2_typography-font-weight);--awb-caption-title-font-style:var(--h2_typography-font-style);--awb-caption-title-size:var(--h2_typography-font-size);--awb-caption-title-transform:var(--h2_typography-text-transform);--awb-caption-title-line-height:var(--h2_typography-line-height);--awb-caption-title-letter-spacing:var(--h2_typography-letter-spacing);\"><span class=\" fusion-imageframe imageframe-none imageframe-5 hover-type-none products-card-imagen\"><img decoding=\"async\" width=\"272\" height=\"600\" alt=\"V\u00e1lvula de Paso Ondulado\" title=\"T99-BW_Ret\" src=\"https:\/\/www.valvulaszubi.com\/wp-content\/uploads\/2022\/06\/T99-BW_Ret-1.png\" class=\"img-responsive wp-image-722\" srcset=\"https:\/\/www.valvulaszubi.com\/wp-content\/uploads\/2022\/06\/T99-BW_Ret-1-200x441.png 200w, https:\/\/www.valvulaszubi.com\/wp-content\/uploads\/2022\/06\/T99-BW_Ret-1.png 272w\" sizes=\"(max-width: 640px) 100vw, 272px\" \/><\/span><\/div><div class=\"fusion-separator fusion-full-width-sep\" style=\"align-self: center;margin-left: auto;margin-right: auto;margin-bottom:10px;width:100%;\"><div class=\"fusion-separator-border sep-single\" style=\"--awb-height:20px;--awb-amount:20px;--awb-sep-color:var(--awb-color5);border-color:var(--awb-color5);border-top-width:8px;\"><\/div><\/div><div class=\"fusion-title title fusion-title-5 fusion-sep-none fusion-title-center fusion-title-text fusion-title-size-five\" style=\"--awb-text-color:var(--awb-color5);--awb-margin-right:15px;--awb-margin-left:15px;--awb-font-size:20px;\"><h5 class=\"fusion-title-heading title-heading-center fusion-responsive-typography-calculated\" style=\"margin:0;font-size:1em;--fontSize:20;--minFontSize:20;line-height:var(--awb-typography1-line-height);\">Versiones SW\/BW \u2013 PASO ONDULADO O RECTO<\/h5><\/div><div class=\"fusion-text fusion-text-5 fusion-text-no-margin\" style=\"--awb-content-alignment:center;--awb-margin-right:15px;--awb-margin-left:15px;\"><p>Las versiones SW\/BW se fabrican en cuerpo monobloc de extremos soldables y bonete atornillado. Disponible en paso recto (T85) y paso ondulado (T100). Opci\u00f3n de cuerpos engomados no disponible.<\/p>\n<\/div><\/div><\/li>\n<li class=\"fusion-layout-column fusion_builder_column fusion-builder-column-6 fusion-flex-column products-card fusion-column-inner-bg-wrapper fusion-column-liftup-border post-card fusion-grid-column fusion-post-cards-grid-column\" style=\"--awb-padding-top:15px;--awb-padding-right:0px;--awb-padding-bottom:15px;--awb-padding-left:0px;--awb-overflow:hidden;--awb-inner-bg-blend:overlay;--awb-inner-bg-size:cover;--awb-inner-bg-box-shadow:0px 4px 8px 0px rgba(0,0,0,0.15);;--awb-border-radius:5px 5px 5px 5px;--awb-liftup-border-radius:5px 5px 5px 5px;\"><span class=\"fusion-column-inner-bg hover-type-liftup\"><a class=\"fusion-column-anchor\" href=\"https:\/\/www.valvulaszubi.com\/es\/valvulas\/t100e-paso-en-escuadra\/\"><span class=\"fusion-column-inner-bg-image\"><\/span><\/a><\/span><div class=\"fusion-column-wrapper fusion-flex-justify-content-flex-start fusion-content-layout-column\"><div class=\"fusion-image-element \" style=\"text-align:center;--awb-margin-bottom:25px;--awb-max-width:150px;--awb-caption-title-font-family:var(--h2_typography-font-family);--awb-caption-title-font-weight:var(--h2_typography-font-weight);--awb-caption-title-font-style:var(--h2_typography-font-style);--awb-caption-title-size:var(--h2_typography-font-size);--awb-caption-title-transform:var(--h2_typography-text-transform);--awb-caption-title-line-height:var(--h2_typography-line-height);--awb-caption-title-letter-spacing:var(--h2_typography-letter-spacing);\"><span class=\" fusion-imageframe imageframe-none imageframe-6 hover-type-none products-card-imagen\"><img decoding=\"async\" width=\"272\" height=\"600\" alt=\"V\u00e1lvula de Paso en Escuadra\" title=\"T100-E_Ret\" src=\"https:\/\/www.valvulaszubi.com\/wp-content\/uploads\/2022\/06\/T100-E_Ret.png\" class=\"img-responsive wp-image-721\" srcset=\"https:\/\/www.valvulaszubi.com\/wp-content\/uploads\/2022\/06\/T100-E_Ret-200x441.png 200w, https:\/\/www.valvulaszubi.com\/wp-content\/uploads\/2022\/06\/T100-E_Ret.png 272w\" sizes=\"(max-width: 640px) 100vw, 272px\" \/><\/span><\/div><div class=\"fusion-separator fusion-full-width-sep\" style=\"align-self: center;margin-left: auto;margin-right: auto;margin-bottom:10px;width:100%;\"><div class=\"fusion-separator-border sep-single\" style=\"--awb-height:20px;--awb-amount:20px;--awb-sep-color:var(--awb-color5);border-color:var(--awb-color5);border-top-width:8px;\"><\/div><\/div><div class=\"fusion-title title fusion-title-6 fusion-sep-none fusion-title-center fusion-title-text fusion-title-size-five\" style=\"--awb-text-color:var(--awb-color5);--awb-margin-right:15px;--awb-margin-left:15px;--awb-font-size:20px;\"><h5 class=\"fusion-title-heading title-heading-center fusion-responsive-typography-calculated\" style=\"margin:0;font-size:1em;--fontSize:20;--minFontSize:20;line-height:var(--awb-typography1-line-height);\">T100E \u2013 PASO EN ESCUADRA<\/h5><\/div><div class=\"fusion-text fusion-text-6 fusion-text-no-margin\" style=\"--awb-content-alignment:center;--awb-margin-right:15px;--awb-margin-left:15px;\"><p>La v\u00e1lvula de membrana T100E de paso en escuadra bidireccional se fabrica en cuerpo monobloc fundido con bonete atornillado. El cuerpo puede ser recubierto para protegerlo de ataques qu\u00edmicos y desgastes. Apta para aplicaciones corrosivas y abrasivas con concentraciones de s\u00f3lidos de hasta el 15%.<\/p>\n<\/div><\/div><\/li>\n<\/ul><\/div><\/div><\/div><\/div><\/div>\n","protected":false},"excerpt":{"rendered":"","protected":false},"author":1,"featured_media":0,"parent":0,"menu_order":0,"comment_status":"closed","ping_status":"closed","template":"","meta":{"inline_featured_image":false,"footnotes":""},"class_list":["post-868","page","type-page","status-publish","hentry"],"yoast_head":"<!-- This site is optimized with the Yoast SEO plugin v23.6 - https:\/\/yoast.com\/wordpress\/plugins\/seo\/ -->\n<title>V\u00e1lvulas de Membrana \u2022 V\u00e1lvulas Zubi<\/title>\n<meta name=\"description\" content=\"Tras la experiencia de 40 a\u00f1os fabricando v\u00e1lvulas, las v\u00e1lvulas de membrana Zubi son la soluci\u00f3n perfecta para medios corrosivos y abrasivos\" \/>\n<meta name=\"robots\" content=\"index, follow, max-snippet:-1, max-image-preview:large, max-video-preview:-1\" \/>\n<link rel=\"canonical\" href=\"https:\/\/www.valvulaszubi.com\/es\/valvulas-de-membrana\/\" \/>\n<meta property=\"og:locale\" content=\"es_ES\" \/>\n<meta property=\"og:type\" content=\"article\" \/>\n<meta property=\"og:title\" content=\"V\u00e1lvulas de Membrana \u2022 V\u00e1lvulas Zubi\" \/>\n<meta property=\"og:description\" content=\"Tras la experiencia de 40 a\u00f1os fabricando v\u00e1lvulas, las v\u00e1lvulas de membrana Zubi son la soluci\u00f3n perfecta para medios corrosivos y abrasivos\" \/>\n<meta property=\"og:url\" content=\"https:\/\/www.valvulaszubi.com\/es\/valvulas-de-membrana\/\" \/>\n<meta property=\"og:site_name\" content=\"V\u00e1lvulas Zubi\" \/>\n<meta property=\"article:modified_time\" content=\"2023-06-08T11:32:39+00:00\" \/>\n<meta name=\"twitter:card\" content=\"summary_large_image\" \/>\n<meta name=\"twitter:label1\" content=\"Tiempo de lectura\" \/>\n\t<meta name=\"twitter:data1\" content=\"2 minutos\" \/>\n<!-- \/ Yoast SEO plugin. -->","yoast_head_json":{"title":"V\u00e1lvulas de Membrana \u2022 V\u00e1lvulas Zubi","description":"Tras la experiencia de 40 a\u00f1os fabricando v\u00e1lvulas, las v\u00e1lvulas de membrana Zubi son la soluci\u00f3n perfecta para medios corrosivos y abrasivos","robots":{"index":"index","follow":"follow","max-snippet":"max-snippet:-1","max-image-preview":"max-image-preview:large","max-video-preview":"max-video-preview:-1"},"canonical":"https:\/\/www.valvulaszubi.com\/es\/valvulas-de-membrana\/","og_locale":"es_ES","og_type":"article","og_title":"V\u00e1lvulas de Membrana \u2022 V\u00e1lvulas Zubi","og_description":"Tras la experiencia de 40 a\u00f1os fabricando v\u00e1lvulas, las v\u00e1lvulas de membrana Zubi son la soluci\u00f3n perfecta para medios corrosivos y abrasivos","og_url":"https:\/\/www.valvulaszubi.com\/es\/valvulas-de-membrana\/","og_site_name":"V\u00e1lvulas Zubi","article_modified_time":"2023-06-08T11:32:39+00:00","twitter_card":"summary_large_image","twitter_misc":{"Tiempo de lectura":"2 minutos"},"schema":{"@context":"https:\/\/schema.org","@graph":[{"@type":"WebPage","@id":"https:\/\/www.valvulaszubi.com\/es\/valvulas-de-membrana\/","url":"https:\/\/www.valvulaszubi.com\/es\/valvulas-de-membrana\/","name":"V\u00e1lvulas de Membrana \u2022 V\u00e1lvulas Zubi","isPartOf":{"@id":"https:\/\/www.valvulaszubi.com\/#website"},"datePublished":"2022-06-21T12:12:16+00:00","dateModified":"2023-06-08T11:32:39+00:00","description":"Tras la experiencia de 40 a\u00f1os fabricando v\u00e1lvulas, las v\u00e1lvulas de membrana Zubi son la soluci\u00f3n perfecta para medios corrosivos y abrasivos","breadcrumb":{"@id":"https:\/\/www.valvulaszubi.com\/es\/valvulas-de-membrana\/#breadcrumb"},"inLanguage":"es","potentialAction":[{"@type":"ReadAction","target":["https:\/\/www.valvulaszubi.com\/es\/valvulas-de-membrana\/"]}]},{"@type":"BreadcrumbList","@id":"https:\/\/www.valvulaszubi.com\/es\/valvulas-de-membrana\/#breadcrumb","itemListElement":[{"@type":"ListItem","position":1,"name":"Home","item":"https:\/\/www.valvulaszubi.com\/es\/"},{"@type":"ListItem","position":2,"name":"V\u00e1lvulas de membrana"}]},{"@type":"WebSite","@id":"https:\/\/www.valvulaszubi.com\/#website","url":"https:\/\/www.valvulaszubi.com\/","name":"V\u00e1lvulas Zubi","description":"","publisher":{"@id":"https:\/\/www.valvulaszubi.com\/#organization"},"potentialAction":[{"@type":"SearchAction","target":{"@type":"EntryPoint","urlTemplate":"https:\/\/www.valvulaszubi.com\/?s={search_term_string}"},"query-input":{"@type":"PropertyValueSpecification","valueRequired":true,"valueName":"search_term_string"}}],"inLanguage":"es"},{"@type":"Organization","@id":"https:\/\/www.valvulaszubi.com\/#organization","name":"V\u00e1lvulas Zubi","url":"https:\/\/www.valvulaszubi.com\/","logo":{"@type":"ImageObject","inLanguage":"es","@id":"https:\/\/www.valvulaszubi.com\/#\/schema\/logo\/image\/","url":"https:\/\/www.valvulaszubi.com\/wp-content\/uploads\/2022\/07\/Logo-Zubi-valves-bg-blue.svg","contentUrl":"https:\/\/www.valvulaszubi.com\/wp-content\/uploads\/2022\/07\/Logo-Zubi-valves-bg-blue.svg","width":205,"height":120,"caption":"V\u00e1lvulas Zubi"},"image":{"@id":"https:\/\/www.valvulaszubi.com\/#\/schema\/logo\/image\/"}}]}},"_links":{"self":[{"href":"https:\/\/www.valvulaszubi.com\/es\/wp-json\/wp\/v2\/pages\/868","targetHints":{"allow":["GET"]}}],"collection":[{"href":"https:\/\/www.valvulaszubi.com\/es\/wp-json\/wp\/v2\/pages"}],"about":[{"href":"https:\/\/www.valvulaszubi.com\/es\/wp-json\/wp\/v2\/types\/page"}],"author":[{"embeddable":true,"href":"https:\/\/www.valvulaszubi.com\/es\/wp-json\/wp\/v2\/users\/1"}],"replies":[{"embeddable":true,"href":"https:\/\/www.valvulaszubi.com\/es\/wp-json\/wp\/v2\/comments?post=868"}],"version-history":[{"count":0,"href":"https:\/\/www.valvulaszubi.com\/es\/wp-json\/wp\/v2\/pages\/868\/revisions"}],"wp:attachment":[{"href":"https:\/\/www.valvulaszubi.com\/es\/wp-json\/wp\/v2\/media?parent=868"}],"curies":[{"name":"wp","href":"https:\/\/api.w.org\/{rel}","templated":true}]}}